{"id":20,"date":"2021-03-08T10:01:51","date_gmt":"2021-03-08T09:01:51","guid":{"rendered":"https:\/\/www.paul-buecher.com\/boutique\/?post_type=product&#038;p=20"},"modified":"2026-02-04T22:43:31","modified_gmt":"2026-02-04T21:43:31","slug":"pinot-blanc-2024-75cl","status":"publish","type":"product","link":"https:\/\/www.paul-buecher.com\/boutique\/produit\/pinot-blanc-2024-75cl\/","title":{"rendered":"PINOT BLANC 2024"},"content":{"rendered":"<p><strong>AOP Alsace\u00a0 &#8211;\u00a0 Vin sec<\/strong><\/p>\n<p><strong>Suggestions d&rsquo;association<\/strong><br \/>\nTarte flamb\u00e9e<br \/>\nBrochettes de poisson, poissons grill\u00e9s, fritures<br \/>\nTerrines, viandes froides<\/p>\n<p><strong>Contenance : 75cl<\/strong><\/p>\n","protected":false},"excerpt":{"rendered":"<p>Le Pinot blanc offre un nez subtil de fruits m\u00fbrs et une belle pr\u00e9sence en bouche. Il est id\u00e9alement \u00e9quilibr\u00e9, \u00e0 la fois souple et franc.<\/p>\n<p>Un vin simple et charmeur qui accompagne facilement les plats de tous les jours.<\/p>\n","protected":false},"featured_media":24,"template":"","meta":[],"product_brand":[],"product_cat":[16],"product_tag":[],"class_list":{"0":"post-20","1":"product","2":"type-product","3":"status-publish","4":"has-post-thumbnail","6":"product_cat-expression-vins-dalsace","8":"first","9":"instock","10":"shipping-taxable","11":"purchasable","12":"product-type-simple"},"_links":{"self":[{"href":"https:\/\/www.paul-buecher.com\/boutique\/wp-json\/wp\/v2\/product\/20","targetHints":{"allow":["GET"]}}],"collection":[{"href":"https:\/\/www.paul-buecher.com\/boutique\/wp-json\/wp\/v2\/product"}],"about":[{"href":"https:\/\/www.paul-buecher.com\/boutique\/wp-json\/wp\/v2\/types\/product"}],"wp:featuredmedia":[{"embeddable":true,"href":"https:\/\/www.paul-buecher.com\/boutique\/wp-json\/wp\/v2\/media\/24"}],"wp:attachment":[{"href":"https:\/\/www.paul-buecher.com\/boutique\/wp-json\/wp\/v2\/media?parent=20"}],"wp:term":[{"taxonomy":"product_brand","embeddable":true,"href":"https:\/\/www.paul-buecher.com\/boutique\/wp-json\/wp\/v2\/product_brand?post=20"},{"taxonomy":"product_cat","embeddable":true,"href":"https:\/\/www.paul-buecher.com\/boutique\/wp-json\/wp\/v2\/product_cat?post=20"},{"taxonomy":"product_tag","embeddable":true,"href":"https:\/\/www.paul-buecher.com\/boutique\/wp-json\/wp\/v2\/product_tag?post=20"}],"curies":[{"name":"wp","href":"https:\/\/api.w.org\/{rel}","templated":true}]}}