{"id":30,"date":"2021-03-08T10:09:07","date_gmt":"2021-03-08T09:09:07","guid":{"rendered":"https:\/\/www.paul-buecher.com\/boutique\/?post_type=product&#038;p=30"},"modified":"2026-02-04T22:42:21","modified_gmt":"2026-02-04T21:42:21","slug":"pinot-gris-2022","status":"publish","type":"product","link":"https:\/\/www.paul-buecher.com\/boutique\/produit\/pinot-gris-2022\/","title":{"rendered":"PINOT GRIS 2022"},"content":{"rendered":"<p><strong>Demi-sec<\/strong><\/p>\n<p><strong>Suggestions d&rsquo;association<\/strong><\/p>\n<p>P\u00e2t\u00e9 de gibier, tarte aux champignons<br \/>\nTerrines de poisson, quenelles sauce Nantua<br \/>\nRoti de porc, blanquette de veau, baeckeoffe<\/p>\n<p><strong>Contenance : 75cl<br \/>\n<\/strong>(disponible en 37,5cl)<\/p>\n","protected":false},"excerpt":{"rendered":"<p>Notre Pinot gris \u00ab\u00a0expression\u00a0\u00bb est un blanc d\u2019esprit sec, puissant et frais.<br \/>\nNez d\u00e9licat de fruits blancs et d\u2019\u00e9pices, bouche charnue et g\u00e9n\u00e9reuse, belle tension, il se destine tout naturellement \u00e0 la table o\u00f9 il accompagnera de nombreux mets.<\/p>\n","protected":false},"featured_media":25,"template":"","meta":[],"product_brand":[],"product_cat":[16],"product_tag":[],"class_list":{"0":"post-30","1":"product","2":"type-product","3":"status-publish","4":"has-post-thumbnail","6":"product_cat-expression-vins-dalsace","8":"first","9":"instock","10":"shipping-taxable","11":"purchasable","12":"product-type-simple"},"_links":{"self":[{"href":"https:\/\/www.paul-buecher.com\/boutique\/wp-json\/wp\/v2\/product\/30","targetHints":{"allow":["GET"]}}],"collection":[{"href":"https:\/\/www.paul-buecher.com\/boutique\/wp-json\/wp\/v2\/product"}],"about":[{"href":"https:\/\/www.paul-buecher.com\/boutique\/wp-json\/wp\/v2\/types\/product"}],"wp:featuredmedia":[{"embeddable":true,"href":"https:\/\/www.paul-buecher.com\/boutique\/wp-json\/wp\/v2\/media\/25"}],"wp:attachment":[{"href":"https:\/\/www.paul-buecher.com\/boutique\/wp-json\/wp\/v2\/media?parent=30"}],"wp:term":[{"taxonomy":"product_brand","embeddable":true,"href":"https:\/\/www.paul-buecher.com\/boutique\/wp-json\/wp\/v2\/product_brand?post=30"},{"taxonomy":"product_cat","embeddable":true,"href":"https:\/\/www.paul-buecher.com\/boutique\/wp-json\/wp\/v2\/product_cat?post=30"},{"taxonomy":"product_tag","embeddable":true,"href":"https:\/\/www.paul-buecher.com\/boutique\/wp-json\/wp\/v2\/product_tag?post=30"}],"curies":[{"name":"wp","href":"https:\/\/api.w.org\/{rel}","templated":true}]}}