{"id":32,"date":"2021-03-08T10:15:24","date_gmt":"2021-03-08T09:15:24","guid":{"rendered":"https:\/\/www.paul-buecher.com\/boutique\/?post_type=product&#038;p=32"},"modified":"2025-05-07T22:10:10","modified_gmt":"2025-05-07T20:10:10","slug":"le-rose-2024-75cl","status":"publish","type":"product","link":"https:\/\/www.paul-buecher.com\/boutique\/produit\/le-rose-2024-75cl\/","title":{"rendered":"LE ROSE 2024"},"content":{"rendered":"<p><strong>Vin ros\u00e9 sec<\/strong><\/p>\n<p><strong>Suggestions d&rsquo;association<br \/>\n<\/strong>Ap\u00e9ritifs<br \/>\nTomates-Mozzarella, salades<br \/>\nPlats d&rsquo;\u00e9t\u00e9, grillades<\/p>\n<p><strong>Contenance : 75cl<\/strong><\/p>\n","protected":false},"excerpt":{"rendered":"<p>Robe saumon\u00e9e, nez de fruits rouges et bouche gouleyante : cette d\u00e9clinaison ros\u00e9e du Pinot Noir est un vin d\u2019\u00e9t\u00e9 !<\/p>\n","protected":false},"featured_media":22,"template":"","meta":[],"product_brand":[],"product_cat":[16],"product_tag":[],"class_list":{"0":"post-32","1":"product","2":"type-product","3":"status-publish","4":"has-post-thumbnail","6":"product_cat-expression-vins-dalsace","8":"first","9":"instock","10":"shipping-taxable","11":"purchasable","12":"product-type-simple"},"_links":{"self":[{"href":"https:\/\/www.paul-buecher.com\/boutique\/wp-json\/wp\/v2\/product\/32","targetHints":{"allow":["GET"]}}],"collection":[{"href":"https:\/\/www.paul-buecher.com\/boutique\/wp-json\/wp\/v2\/product"}],"about":[{"href":"https:\/\/www.paul-buecher.com\/boutique\/wp-json\/wp\/v2\/types\/product"}],"wp:featuredmedia":[{"embeddable":true,"href":"https:\/\/www.paul-buecher.com\/boutique\/wp-json\/wp\/v2\/media\/22"}],"wp:attachment":[{"href":"https:\/\/www.paul-buecher.com\/boutique\/wp-json\/wp\/v2\/media?parent=32"}],"wp:term":[{"taxonomy":"product_brand","embeddable":true,"href":"https:\/\/www.paul-buecher.com\/boutique\/wp-json\/wp\/v2\/product_brand?post=32"},{"taxonomy":"product_cat","embeddable":true,"href":"https:\/\/www.paul-buecher.com\/boutique\/wp-json\/wp\/v2\/product_cat?post=32"},{"taxonomy":"product_tag","embeddable":true,"href":"https:\/\/www.paul-buecher.com\/boutique\/wp-json\/wp\/v2\/product_tag?post=32"}],"curies":[{"name":"wp","href":"https:\/\/api.w.org\/{rel}","templated":true}]}}