{"id":46,"date":"2021-03-08T10:53:44","date_gmt":"2021-03-08T09:53:44","guid":{"rendered":"https:\/\/www.paul-buecher.com\/boutique\/?post_type=product&#038;p=46"},"modified":"2026-02-04T22:39:01","modified_gmt":"2026-02-04T21:39:01","slug":"rosenberg-riesling-2021-75cl","status":"publish","type":"product","link":"https:\/\/www.paul-buecher.com\/boutique\/produit\/rosenberg-riesling-2021-75cl\/","title":{"rendered":"ROSENBERG 2022 Riesling"},"content":{"rendered":"<p><strong>Vin sec<\/strong><\/p>\n<p><strong>Suggestions d&rsquo;association<\/strong><br \/>\nCrustac\u00e9s, poissons en sauce (saumon, cabillaud, lotte&#8230;), matelote.<br \/>\nCuisses de grenouilles, volailles.<br \/>\nFromages de ch\u00e8vres.<\/p>\n<p><strong>Contenance : 75cl<\/strong><\/p>\n","protected":false},"excerpt":{"rendered":"<p>Le Rosenberg (Montagne aux roses) est un coteau marno-calcaire d&rsquo;exposition Est qui surplombe le village de Wettolsheim. Les vins y sont charpent\u00e9s avec une belle fra\u00eecheur et un fruit\u00e9 intense et d\u00e9licat. Ils sont d\u2019approche imm\u00e9diate, mais pr\u00e9sentent un beau potentiel de garde avec de fines notes min\u00e9rales qui apparaissent apr\u00e8s quelques ann\u00e9es.<br \/>\nLes riesling du Rosenberg sont m\u00fbrs et citronn\u00e9 au nez ; leur bouche est assez ample mais se distingue surtout par une vivacit\u00e9 marqu\u00e9e en finale.<\/p>\n","protected":false},"featured_media":44,"template":"","meta":[],"product_brand":[],"product_cat":[17],"product_tag":[],"class_list":{"0":"post-46","1":"product","2":"type-product","3":"status-publish","4":"has-post-thumbnail","6":"product_cat-terroir-lieux-dits-et-grands-crus","8":"first","9":"instock","10":"shipping-taxable","11":"purchasable","12":"product-type-simple"},"_links":{"self":[{"href":"https:\/\/www.paul-buecher.com\/boutique\/wp-json\/wp\/v2\/product\/46","targetHints":{"allow":["GET"]}}],"collection":[{"href":"https:\/\/www.paul-buecher.com\/boutique\/wp-json\/wp\/v2\/product"}],"about":[{"href":"https:\/\/www.paul-buecher.com\/boutique\/wp-json\/wp\/v2\/types\/product"}],"wp:featuredmedia":[{"embeddable":true,"href":"https:\/\/www.paul-buecher.com\/boutique\/wp-json\/wp\/v2\/media\/44"}],"wp:attachment":[{"href":"https:\/\/www.paul-buecher.com\/boutique\/wp-json\/wp\/v2\/media?parent=46"}],"wp:term":[{"taxonomy":"product_brand","embeddable":true,"href":"https:\/\/www.paul-buecher.com\/boutique\/wp-json\/wp\/v2\/product_brand?post=46"},{"taxonomy":"product_cat","embeddable":true,"href":"https:\/\/www.paul-buecher.com\/boutique\/wp-json\/wp\/v2\/product_cat?post=46"},{"taxonomy":"product_tag","embeddable":true,"href":"https:\/\/www.paul-buecher.com\/boutique\/wp-json\/wp\/v2\/product_tag?post=46"}],"curies":[{"name":"wp","href":"https:\/\/api.w.org\/{rel}","templated":true}]}}