{"id":48,"date":"2021-03-08T11:00:49","date_gmt":"2021-03-08T10:00:49","guid":{"rendered":"https:\/\/www.paul-buecher.com\/boutique\/?post_type=product&#038;p=48"},"modified":"2026-02-04T22:38:08","modified_gmt":"2026-02-04T21:38:08","slug":"herrenweg-gewurztraminer-2016-75cl","status":"publish","type":"product","link":"https:\/\/www.paul-buecher.com\/boutique\/produit\/herrenweg-gewurztraminer-2016-75cl\/","title":{"rendered":"HERRENWEG 2022 Gewurztraminer"},"content":{"rendered":"<p><strong>Vin moelleux<\/strong><\/p>\n<p><strong>Suggestions d&rsquo;association<br \/>\n<\/strong>En ap\u00e9ritif : tapas, bouch\u00e9es de poulet \u00e9pic\u00e9, acras de morue, crevettes piment\u00e9es<br \/>\nCuisine cr\u00e9ole ou orientale : colombo, porc au caramel, cuisine au lait de coco<br \/>\nVolaille tandoori, boulettes d&rsquo;agneau aux piments et \u00e0 la coriandre.<\/p>\n<p><strong>Contenance : 75cl<\/strong><\/p>\n","protected":false},"excerpt":{"rendered":"<p>Le Herrenweg est situ\u00e9 dans le c\u00f4ne de d\u00e9jection de la Fecht \u00e0 Turckheim : les sols de nature graveleuse, un ensoleillement tr\u00e8s important et les vents de la vall\u00e9e de Munster en font un des terroirs les plus pr\u00e9coces d&rsquo;Alsace.<br \/>\nNos vieilles vignes de Gewurztraminer y produisent un vin intens\u00e9ment fruit\u00e9 et moelleux en bouche.<\/p>\n","protected":false},"featured_media":88,"template":"","meta":[],"product_brand":[],"product_cat":[17],"product_tag":[],"class_list":{"0":"post-48","1":"product","2":"type-product","3":"status-publish","4":"has-post-thumbnail","6":"product_cat-terroir-lieux-dits-et-grands-crus","8":"first","9":"instock","10":"shipping-taxable","11":"purchasable","12":"product-type-simple"},"_links":{"self":[{"href":"https:\/\/www.paul-buecher.com\/boutique\/wp-json\/wp\/v2\/product\/48","targetHints":{"allow":["GET"]}}],"collection":[{"href":"https:\/\/www.paul-buecher.com\/boutique\/wp-json\/wp\/v2\/product"}],"about":[{"href":"https:\/\/www.paul-buecher.com\/boutique\/wp-json\/wp\/v2\/types\/product"}],"wp:featuredmedia":[{"embeddable":true,"href":"https:\/\/www.paul-buecher.com\/boutique\/wp-json\/wp\/v2\/media\/88"}],"wp:attachment":[{"href":"https:\/\/www.paul-buecher.com\/boutique\/wp-json\/wp\/v2\/media?parent=48"}],"wp:term":[{"taxonomy":"product_brand","embeddable":true,"href":"https:\/\/www.paul-buecher.com\/boutique\/wp-json\/wp\/v2\/product_brand?post=48"},{"taxonomy":"product_cat","embeddable":true,"href":"https:\/\/www.paul-buecher.com\/boutique\/wp-json\/wp\/v2\/product_cat?post=48"},{"taxonomy":"product_tag","embeddable":true,"href":"https:\/\/www.paul-buecher.com\/boutique\/wp-json\/wp\/v2\/product_tag?post=48"}],"curies":[{"name":"wp","href":"https:\/\/api.w.org\/{rel}","templated":true}]}}