{"id":51,"date":"2021-03-08T11:06:50","date_gmt":"2021-03-08T10:06:50","guid":{"rendered":"https:\/\/www.paul-buecher.com\/boutique\/?post_type=product&#038;p=51"},"modified":"2026-02-04T22:37:05","modified_gmt":"2026-02-04T21:37:05","slug":"grand-cru-brand-pinot-gris-2017-75cl","status":"publish","type":"product","link":"https:\/\/www.paul-buecher.com\/boutique\/produit\/grand-cru-brand-pinot-gris-2017-75cl\/","title":{"rendered":"Grand cru BRAND 2018 Pinot gris"},"content":{"rendered":"<p><strong>Vin moelleux<\/strong><\/p>\n<p><strong>Suggestions d&rsquo;association<\/strong><br \/>\nFoie gras po\u00eal\u00e9, risotto de champignons des bois<br \/>\nTajines aux pruneaux, cuisine chinoise<br \/>\nFromages persill\u00e9s<\/p>\n<p><strong>Contenance : 75cl<br \/>\n<\/strong>(disponible en 150cl)<\/p>\n","protected":false},"excerpt":{"rendered":"<p>Le Brand est un grand cru granitique qui surplombe Turckheim. Les pinot gris du Brand sont souvent tr\u00e8s m\u00fbrs avec des ar\u00f4mes confits et un \u00e9quilibre moelleux, mais la \u00ab\u00a0magie\u00a0\u00bb de ce terroir granitique leur donne un \u00e9clat cristallin, une \u00e9l\u00e9gance, une forme de \u00ab l\u00e9g\u00e8ret\u00e9 \u00bb !<\/p>\n","protected":false},"featured_media":35,"template":"","meta":[],"product_brand":[],"product_cat":[17],"product_tag":[],"class_list":{"0":"post-51","1":"product","2":"type-product","3":"status-publish","4":"has-post-thumbnail","6":"product_cat-terroir-lieux-dits-et-grands-crus","8":"first","9":"instock","10":"shipping-taxable","11":"purchasable","12":"product-type-simple"},"_links":{"self":[{"href":"https:\/\/www.paul-buecher.com\/boutique\/wp-json\/wp\/v2\/product\/51","targetHints":{"allow":["GET"]}}],"collection":[{"href":"https:\/\/www.paul-buecher.com\/boutique\/wp-json\/wp\/v2\/product"}],"about":[{"href":"https:\/\/www.paul-buecher.com\/boutique\/wp-json\/wp\/v2\/types\/product"}],"wp:featuredmedia":[{"embeddable":true,"href":"https:\/\/www.paul-buecher.com\/boutique\/wp-json\/wp\/v2\/media\/35"}],"wp:attachment":[{"href":"https:\/\/www.paul-buecher.com\/boutique\/wp-json\/wp\/v2\/media?parent=51"}],"wp:term":[{"taxonomy":"product_brand","embeddable":true,"href":"https:\/\/www.paul-buecher.com\/boutique\/wp-json\/wp\/v2\/product_brand?post=51"},{"taxonomy":"product_cat","embeddable":true,"href":"https:\/\/www.paul-buecher.com\/boutique\/wp-json\/wp\/v2\/product_cat?post=51"},{"taxonomy":"product_tag","embeddable":true,"href":"https:\/\/www.paul-buecher.com\/boutique\/wp-json\/wp\/v2\/product_tag?post=51"}],"curies":[{"name":"wp","href":"https:\/\/api.w.org\/{rel}","templated":true}]}}