{"id":54,"date":"2021-03-08T11:12:42","date_gmt":"2021-03-08T10:12:42","guid":{"rendered":"https:\/\/www.paul-buecher.com\/boutique\/?post_type=product&#038;p=54"},"modified":"2026-02-04T22:35:57","modified_gmt":"2026-02-04T21:35:57","slug":"rosenberg-pinot-noir-75cl","status":"publish","type":"product","link":"https:\/\/www.paul-buecher.com\/boutique\/produit\/rosenberg-pinot-noir-75cl\/","title":{"rendered":"ROSENBERG  Pinot noir 2023"},"content":{"rendered":"<p><strong>Vin rouge sec<\/strong><\/p>\n<p><strong>Suggestions d&rsquo;association<\/strong><br \/>\nJoues de veau brais\u00e9es, Tajine d&rsquo;agneau, pintade r\u00f4tie<br \/>\nBoeuf bourguignon, fromages<\/p>\n<p><strong>Contenance : 75cl<\/strong><\/p>\n","protected":false},"excerpt":{"rendered":"<p>Le Rosenberg (Montagne aux roses) est un coteau marno-calcaire d&rsquo;exposition Est qui surplombe le village de Wettolsheim. Les vins y sont charpent\u00e9s avec une belle fra\u00eecheur et un fruit\u00e9 intense et d\u00e9licat. Ils sont d\u2019approche imm\u00e9diate, mais pr\u00e9sentent un beau potentiel de garde avec de fines notes min\u00e9rales qui apparaissent apr\u00e8s quelques ann\u00e9es.<br \/>\nIssu d&rsquo;une parcelle au milieu du coteau, ce pinot noir est cors\u00e9, harmonieux et tr\u00e8s fruit\u00e9. Un vrai rouge alsacien qui gagnera \u00e0 vieillir quelques ann\u00e9es.<\/p>\n","protected":false},"featured_media":43,"template":"","meta":[],"product_brand":[],"product_cat":[17],"product_tag":[],"class_list":{"0":"post-54","1":"product","2":"type-product","3":"status-publish","4":"has-post-thumbnail","6":"product_cat-terroir-lieux-dits-et-grands-crus","8":"first","9":"instock","10":"shipping-taxable","11":"purchasable","12":"product-type-simple"},"_links":{"self":[{"href":"https:\/\/www.paul-buecher.com\/boutique\/wp-json\/wp\/v2\/product\/54","targetHints":{"allow":["GET"]}}],"collection":[{"href":"https:\/\/www.paul-buecher.com\/boutique\/wp-json\/wp\/v2\/product"}],"about":[{"href":"https:\/\/www.paul-buecher.com\/boutique\/wp-json\/wp\/v2\/types\/product"}],"wp:featuredmedia":[{"embeddable":true,"href":"https:\/\/www.paul-buecher.com\/boutique\/wp-json\/wp\/v2\/media\/43"}],"wp:attachment":[{"href":"https:\/\/www.paul-buecher.com\/boutique\/wp-json\/wp\/v2\/media?parent=54"}],"wp:term":[{"taxonomy":"product_brand","embeddable":true,"href":"https:\/\/www.paul-buecher.com\/boutique\/wp-json\/wp\/v2\/product_brand?post=54"},{"taxonomy":"product_cat","embeddable":true,"href":"https:\/\/www.paul-buecher.com\/boutique\/wp-json\/wp\/v2\/product_cat?post=54"},{"taxonomy":"product_tag","embeddable":true,"href":"https:\/\/www.paul-buecher.com\/boutique\/wp-json\/wp\/v2\/product_tag?post=54"}],"curies":[{"name":"wp","href":"https:\/\/api.w.org\/{rel}","templated":true}]}}