{"id":55,"date":"2021-03-08T11:14:22","date_gmt":"2021-03-08T10:14:22","guid":{"rendered":"https:\/\/www.paul-buecher.com\/boutique\/?post_type=product&#038;p=55"},"modified":"2026-02-04T22:35:15","modified_gmt":"2026-02-04T21:35:15","slug":"les-terrasses-pinot-noir-2022-75cl","status":"publish","type":"product","link":"https:\/\/www.paul-buecher.com\/boutique\/produit\/les-terrasses-pinot-noir-2022-75cl\/","title":{"rendered":"LES TERRASSES 2022 Pinot noir"},"content":{"rendered":"<p><strong>Vin rouge sec<\/strong><\/p>\n<p><strong>Suggestions d&rsquo;association<\/strong><br \/>\nCote de b\u0153uf grill\u00e9e, magret de canard<br \/>\nCivet de biche, poulet chasseur<\/p>\n<p><strong>Contenance : 75cl<\/strong><\/p>\n","protected":false},"excerpt":{"rendered":"<p>\u00ab\u00a0Les Terrasses\u00a0\u00bb est une parcelle calcaire dans la partie haute du Rosenberg. Elle est balay\u00e9e par les vents et b\u00e9n\u00e9ficie d&rsquo;une exposition plein Est et de la fraicheur de la for\u00eat \u00e0 proximit\u00e9. Tout y est mis en \u0153uvre pour produire un vin rouge concentr\u00e9 et taill\u00e9 pour la garde. Ce pinot noir est \u00e9lev\u00e9 un an en f\u00fbts de ch\u00eane pour affiner ses tannins et lui apporte soyeux et harmonie.<br \/>\nApr\u00e8s 2-3 ans de garde, les notes l\u00e9g\u00e8rement bois\u00e9es s&rsquo;estompent et laissent place \u00e0 un bouquet fruit\u00e9, floral et d&rsquo;une grande finesse. Le palais est cors\u00e9, \u00e9l\u00e9gant avec une finale tr\u00e8s persistante.<\/p>\n<p>&nbsp;<\/p>\n","protected":false},"featured_media":479,"template":"","meta":[],"product_brand":[],"product_cat":[17],"product_tag":[],"class_list":{"0":"post-55","1":"product","2":"type-product","3":"status-publish","4":"has-post-thumbnail","6":"product_cat-terroir-lieux-dits-et-grands-crus","8":"first","9":"instock","10":"shipping-taxable","11":"purchasable","12":"product-type-simple"},"_links":{"self":[{"href":"https:\/\/www.paul-buecher.com\/boutique\/wp-json\/wp\/v2\/product\/55","targetHints":{"allow":["GET"]}}],"collection":[{"href":"https:\/\/www.paul-buecher.com\/boutique\/wp-json\/wp\/v2\/product"}],"about":[{"href":"https:\/\/www.paul-buecher.com\/boutique\/wp-json\/wp\/v2\/types\/product"}],"wp:featuredmedia":[{"embeddable":true,"href":"https:\/\/www.paul-buecher.com\/boutique\/wp-json\/wp\/v2\/media\/479"}],"wp:attachment":[{"href":"https:\/\/www.paul-buecher.com\/boutique\/wp-json\/wp\/v2\/media?parent=55"}],"wp:term":[{"taxonomy":"product_brand","embeddable":true,"href":"https:\/\/www.paul-buecher.com\/boutique\/wp-json\/wp\/v2\/product_brand?post=55"},{"taxonomy":"product_cat","embeddable":true,"href":"https:\/\/www.paul-buecher.com\/boutique\/wp-json\/wp\/v2\/product_cat?post=55"},{"taxonomy":"product_tag","embeddable":true,"href":"https:\/\/www.paul-buecher.com\/boutique\/wp-json\/wp\/v2\/product_tag?post=55"}],"curies":[{"name":"wp","href":"https:\/\/api.w.org\/{rel}","templated":true}]}}