{"id":56,"date":"2021-03-08T11:15:57","date_gmt":"2021-03-08T10:15:57","guid":{"rendered":"https:\/\/www.paul-buecher.com\/boutique\/?post_type=product&#038;p=56"},"modified":"2026-02-04T22:34:32","modified_gmt":"2026-02-04T21:34:32","slug":"hengst-pinot-noir-75cl","status":"publish","type":"product","link":"https:\/\/www.paul-buecher.com\/boutique\/produit\/hengst-pinot-noir-75cl\/","title":{"rendered":"Grand cru HENGST  2022     Le Rouge        (maximum 3 bout)"},"content":{"rendered":"<p>La production de Grand cru Hengst rouge est tr\u00e8s faible, les commandes sont limit\u00e9es \u00e0 3 bouteilles par client.<\/p>\n<p><strong>Vin rouge sec<\/strong><\/p>\n<p><strong>Suggestions d&rsquo;association<\/strong><br \/>\nPi\u00e8ce de boeuf, viandes mijot\u00e9es<br \/>\nLapin, pigeon, gibiers.<\/p>\n<p><strong>Contenance : 75cl<\/strong><\/p>\n","protected":false},"excerpt":{"rendered":"<p>Apr\u00e8s de longues ann\u00e9es d&rsquo;efforts, la production de vins rouges sur quelques rares grands crus alsaciens est enfin reconnue. Notre Pinot noir \u00ab H \u00bb laisse donc place au Rouge du Grand cru Hengst \u00e0 partir du mill\u00e9sime 2022.<\/p>\n<p>La famille Paul Buecher cultive une petite parcelle de Pinot noir sur ce coteau depuis 1977. Une deuxi\u00e8me s&rsquo;est rajout\u00e9e en 2019, mais la production reste confidentielle.\u00a0Le Hengst est un coteau marno-calcaire qui surplombe Wintzenheim et Wettolsheim. Il donne naissance \u00e0 un rouge puissant, concentr\u00e9, aux tannins serr\u00e9s mais fins. A garder quelques ann\u00e9es pour l&rsquo;appr\u00e9cier pleinement !<\/p>\n","protected":false},"featured_media":480,"template":"","meta":[],"product_brand":[],"product_cat":[17],"product_tag":[],"class_list":{"0":"post-56","1":"product","2":"type-product","3":"status-publish","4":"has-post-thumbnail","6":"product_cat-terroir-lieux-dits-et-grands-crus","8":"first","9":"instock","10":"shipping-taxable","11":"purchasable","12":"product-type-simple"},"_links":{"self":[{"href":"https:\/\/www.paul-buecher.com\/boutique\/wp-json\/wp\/v2\/product\/56","targetHints":{"allow":["GET"]}}],"collection":[{"href":"https:\/\/www.paul-buecher.com\/boutique\/wp-json\/wp\/v2\/product"}],"about":[{"href":"https:\/\/www.paul-buecher.com\/boutique\/wp-json\/wp\/v2\/types\/product"}],"wp:featuredmedia":[{"embeddable":true,"href":"https:\/\/www.paul-buecher.com\/boutique\/wp-json\/wp\/v2\/media\/480"}],"wp:attachment":[{"href":"https:\/\/www.paul-buecher.com\/boutique\/wp-json\/wp\/v2\/media?parent=56"}],"wp:term":[{"taxonomy":"product_brand","embeddable":true,"href":"https:\/\/www.paul-buecher.com\/boutique\/wp-json\/wp\/v2\/product_brand?post=56"},{"taxonomy":"product_cat","embeddable":true,"href":"https:\/\/www.paul-buecher.com\/boutique\/wp-json\/wp\/v2\/product_cat?post=56"},{"taxonomy":"product_tag","embeddable":true,"href":"https:\/\/www.paul-buecher.com\/boutique\/wp-json\/wp\/v2\/product_tag?post=56"}],"curies":[{"name":"wp","href":"https:\/\/api.w.org\/{rel}","templated":true}]}}