{"id":58,"date":"2021-03-08T11:21:16","date_gmt":"2021-03-08T10:21:16","guid":{"rendered":"https:\/\/www.paul-buecher.com\/boutique\/?post_type=product&#038;p=58"},"modified":"2025-01-28T23:16:08","modified_gmt":"2025-01-28T22:16:08","slug":"vendanges-tardives-muscat-2017-75cl","status":"publish","type":"product","link":"https:\/\/www.paul-buecher.com\/boutique\/produit\/vendanges-tardives-muscat-2017-75cl\/","title":{"rendered":"VENDANGES TARDIVES Muscat 2022"},"content":{"rendered":"<p><strong>Moelleux<\/strong><\/p>\n<p><strong>Suggestions d&rsquo;association<\/strong><br \/>\nBouch\u00e9es sal\u00e9es ap\u00e9ritives<br \/>\nCeviche de poisson aux fruits de la passion, piment et coriandre.<br \/>\nDessert frais aux fruits, fraises.<\/p>\n<p><strong>Contenance : 75cl<\/strong><\/p>\n","protected":false},"excerpt":{"rendered":"<p>Les Vendanges Tardives sont issues de raisins r\u00e9colt\u00e9s en sur-maturit\u00e9 lorsque le climat de l&rsquo;automne est favorable. La concentration des baies en sucre et le d\u00e9veloppement de la pourriture noble apportent richesse et complexit\u00e9 \u00e0 ces vins moelleux. Leur bouquet s\u2019enrichit d\u2019ar\u00f4mes confits, exotiques, miell\u00e9s et \u00e9pic\u00e9s.<br \/>\nLe Muscat vendanges tardives est un moelleux harmonieux et \u00e9quilibr\u00e9. Moins riche que les gewurztraminer ou les pinot gris, il offre une bouche sph\u00e9rique, un fruit\u00e9 frais, et une finale sans lourdeur.<br \/>\nUn vin surprenant, \u00e0 d\u00e9couvrir !<\/p>\n","protected":false},"featured_media":23,"template":"","meta":[],"product_brand":[],"product_cat":[18],"product_tag":[],"class_list":{"0":"post-58","1":"product","2":"type-product","3":"status-publish","4":"has-post-thumbnail","6":"product_cat-prestige-vendanges-tardives-et-cremant-dalsace","8":"first","9":"instock","10":"shipping-taxable","11":"purchasable","12":"product-type-simple"},"_links":{"self":[{"href":"https:\/\/www.paul-buecher.com\/boutique\/wp-json\/wp\/v2\/product\/58","targetHints":{"allow":["GET"]}}],"collection":[{"href":"https:\/\/www.paul-buecher.com\/boutique\/wp-json\/wp\/v2\/product"}],"about":[{"href":"https:\/\/www.paul-buecher.com\/boutique\/wp-json\/wp\/v2\/types\/product"}],"wp:featuredmedia":[{"embeddable":true,"href":"https:\/\/www.paul-buecher.com\/boutique\/wp-json\/wp\/v2\/media\/23"}],"wp:attachment":[{"href":"https:\/\/www.paul-buecher.com\/boutique\/wp-json\/wp\/v2\/media?parent=58"}],"wp:term":[{"taxonomy":"product_brand","embeddable":true,"href":"https:\/\/www.paul-buecher.com\/boutique\/wp-json\/wp\/v2\/product_brand?post=58"},{"taxonomy":"product_cat","embeddable":true,"href":"https:\/\/www.paul-buecher.com\/boutique\/wp-json\/wp\/v2\/product_cat?post=58"},{"taxonomy":"product_tag","embeddable":true,"href":"https:\/\/www.paul-buecher.com\/boutique\/wp-json\/wp\/v2\/product_tag?post=58"}],"curies":[{"name":"wp","href":"https:\/\/api.w.org\/{rel}","templated":true}]}}