{"id":59,"date":"2021-03-08T11:23:23","date_gmt":"2021-03-08T10:23:23","guid":{"rendered":"https:\/\/www.paul-buecher.com\/boutique\/?post_type=product&#038;p=59"},"modified":"2025-02-01T22:40:11","modified_gmt":"2025-02-01T21:40:11","slug":"vendanges-tardives-pinot-gris-2015-75cl","status":"publish","type":"product","link":"https:\/\/www.paul-buecher.com\/boutique\/produit\/vendanges-tardives-pinot-gris-2015-75cl\/","title":{"rendered":"VENDANGES TARDIVES Pinot gris 2015"},"content":{"rendered":"<p><strong>Vin doux<\/strong><\/p>\n<p><strong>Suggestions d&rsquo;association<\/strong><br \/>\nFoie gras po\u00eal\u00e9, terrine de foie d&rsquo;oie.<br \/>\nMagret de canard sauce \u00e9pic\u00e9e, cuisine chinoise.<br \/>\nDessert aux fruits jaunes, tarte tatin, tarte aux quetsches.<\/p>\n<p><strong>Contenance : 75cl<\/strong><\/p>\n","protected":false},"excerpt":{"rendered":"<p>Les Vendanges Tardives sont issues de raisins r\u00e9colt\u00e9s en sur-maturit\u00e9 lorsque le climat de l&rsquo;automne est favorable. La concentration des baies en sucre et le d\u00e9veloppement de la pourriture noble apportent richesse et complexit\u00e9 au Pinot gris.\u00a0Ar\u00f4mes de fruits confits, de miel, d&rsquo;\u00e9pices, bouche tonique et moelleuse, il ravira les amateurs pendant les 10 prochaines ann\u00e9es.<\/p>\n","protected":false},"featured_media":86,"template":"","meta":[],"product_brand":[],"product_cat":[18],"product_tag":[],"class_list":{"0":"post-59","1":"product","2":"type-product","3":"status-publish","4":"has-post-thumbnail","6":"product_cat-prestige-vendanges-tardives-et-cremant-dalsace","8":"first","9":"instock","10":"shipping-taxable","11":"purchasable","12":"product-type-simple"},"_links":{"self":[{"href":"https:\/\/www.paul-buecher.com\/boutique\/wp-json\/wp\/v2\/product\/59","targetHints":{"allow":["GET"]}}],"collection":[{"href":"https:\/\/www.paul-buecher.com\/boutique\/wp-json\/wp\/v2\/product"}],"about":[{"href":"https:\/\/www.paul-buecher.com\/boutique\/wp-json\/wp\/v2\/types\/product"}],"wp:featuredmedia":[{"embeddable":true,"href":"https:\/\/www.paul-buecher.com\/boutique\/wp-json\/wp\/v2\/media\/86"}],"wp:attachment":[{"href":"https:\/\/www.paul-buecher.com\/boutique\/wp-json\/wp\/v2\/media?parent=59"}],"wp:term":[{"taxonomy":"product_brand","embeddable":true,"href":"https:\/\/www.paul-buecher.com\/boutique\/wp-json\/wp\/v2\/product_brand?post=59"},{"taxonomy":"product_cat","embeddable":true,"href":"https:\/\/www.paul-buecher.com\/boutique\/wp-json\/wp\/v2\/product_cat?post=59"},{"taxonomy":"product_tag","embeddable":true,"href":"https:\/\/www.paul-buecher.com\/boutique\/wp-json\/wp\/v2\/product_tag?post=59"}],"curies":[{"name":"wp","href":"https:\/\/api.w.org\/{rel}","templated":true}]}}