{"id":89,"date":"2021-04-07T08:31:15","date_gmt":"2021-04-07T06:31:15","guid":{"rendered":"https:\/\/www.paul-buecher.com\/boutique\/?post_type=product&#038;p=89"},"modified":"2026-02-04T22:30:43","modified_gmt":"2026-02-04T21:30:43","slug":"cremant-dalsace-prestige-75cl","status":"publish","type":"product","link":"https:\/\/www.paul-buecher.com\/boutique\/produit\/cremant-dalsace-prestige-75cl\/","title":{"rendered":"CR\u00c9MANT D&rsquo;ALSACE Brut_Prestige"},"content":{"rendered":"<p><strong>Vin effervescent BRUT<\/strong><\/p>\n<p><strong>Suggestions d&rsquo;association<\/strong><br \/>\nAp\u00e9ritif, goug\u00e8res, kougelhopf<br \/>\nBuffets froids, fromages frais et croutes fleuries<br \/>\nDesserts<\/p>\n<p><strong>Contenance : 75cl<br \/>\n<\/strong>(disponible en 37.5cl, 150cl et 300cl)<strong><br \/>\n<\/strong><\/p>\n","protected":false},"excerpt":{"rendered":"<p>Cuv\u00e9e embl\u00e9matique du domaine, ce Cr\u00e9mant d\u2019Alsace est un effervescent tonique et g\u00e9n\u00e9reusement fruit\u00e9 : agrumes, p\u00eache, fleurs blanches, note p\u00e2tissi\u00e8re\u2026<br \/>\nId\u00e9al \u00e0 l\u2019ap\u00e9ritif, il laisse la bouche fra\u00eeche pour le repas.<\/p>\n","protected":false},"featured_media":91,"template":"","meta":[],"product_brand":[],"product_cat":[18],"product_tag":[],"class_list":{"0":"post-89","1":"product","2":"type-product","3":"status-publish","4":"has-post-thumbnail","6":"product_cat-prestige-vendanges-tardives-et-cremant-dalsace","8":"first","9":"instock","10":"shipping-taxable","11":"purchasable","12":"product-type-simple"},"_links":{"self":[{"href":"https:\/\/www.paul-buecher.com\/boutique\/wp-json\/wp\/v2\/product\/89","targetHints":{"allow":["GET"]}}],"collection":[{"href":"https:\/\/www.paul-buecher.com\/boutique\/wp-json\/wp\/v2\/product"}],"about":[{"href":"https:\/\/www.paul-buecher.com\/boutique\/wp-json\/wp\/v2\/types\/product"}],"wp:featuredmedia":[{"embeddable":true,"href":"https:\/\/www.paul-buecher.com\/boutique\/wp-json\/wp\/v2\/media\/91"}],"wp:attachment":[{"href":"https:\/\/www.paul-buecher.com\/boutique\/wp-json\/wp\/v2\/media?parent=89"}],"wp:term":[{"taxonomy":"product_brand","embeddable":true,"href":"https:\/\/www.paul-buecher.com\/boutique\/wp-json\/wp\/v2\/product_brand?post=89"},{"taxonomy":"product_cat","embeddable":true,"href":"https:\/\/www.paul-buecher.com\/boutique\/wp-json\/wp\/v2\/product_cat?post=89"},{"taxonomy":"product_tag","embeddable":true,"href":"https:\/\/www.paul-buecher.com\/boutique\/wp-json\/wp\/v2\/product_tag?post=89"}],"curies":[{"name":"wp","href":"https:\/\/api.w.org\/{rel}","templated":true}]}}