{"id":96,"date":"2021-04-07T08:55:31","date_gmt":"2021-04-07T06:55:31","guid":{"rendered":"https:\/\/www.paul-buecher.com\/boutique\/?post_type=product&#038;p=96"},"modified":"2025-06-11T22:33:11","modified_gmt":"2025-06-11T20:33:11","slug":"les-vrilles-75cl","status":"publish","type":"product","link":"https:\/\/www.paul-buecher.com\/boutique\/produit\/les-vrilles-75cl\/","title":{"rendered":"LES VRILLES 2020"},"content":{"rendered":"<p><strong>Vin sec<br \/>\nVin de mac\u00e9ration,\u00a0 sans sulfites ajout\u00e9s<\/strong><\/p>\n<p><strong>Suggestions d&rsquo;association<\/strong><br \/>\nTapas, planchettes ap\u00e9ritives<br \/>\nPlats riches et rustiques (viandes, poissons en sauces)<\/p>\n<p><strong>Contenance : 75cl<\/strong><\/p>\n","protected":false},"excerpt":{"rendered":"<p>Les Vrilles est un vin blanc de mac\u00e9ration, encore appel\u00e9 vin orange. Ce type de vinification apporte une structure tannique et une stabilit\u00e9 qui permet un \u00e9levage sans apport de sulfites.<br \/>\nEn rupture avec le style habituel des vins du domaine, Les Vrilles pr\u00e9sente une robe un peu trouble et un nez fruit\u00e9, torr\u00e9fi\u00e9 et l\u00e9g\u00e8rement v\u00e9g\u00e9tal. Sa bouche allie le tonus, la min\u00e9ralit\u00e9 et le gras d\u2019un vin blanc sec, \u00e0 l\u2019amertume d\u2019un rouge.<\/p>\n","protected":false},"featured_media":98,"template":"","meta":[],"product_brand":[],"product_cat":[21],"product_tag":[],"class_list":{"0":"post-96","1":"product","2":"type-product","3":"status-publish","4":"has-post-thumbnail","6":"product_cat-cuvees-confidentielles-et-autres-formats","8":"first","9":"instock","10":"shipping-taxable","11":"purchasable","12":"product-type-simple"},"_links":{"self":[{"href":"https:\/\/www.paul-buecher.com\/boutique\/wp-json\/wp\/v2\/product\/96","targetHints":{"allow":["GET"]}}],"collection":[{"href":"https:\/\/www.paul-buecher.com\/boutique\/wp-json\/wp\/v2\/product"}],"about":[{"href":"https:\/\/www.paul-buecher.com\/boutique\/wp-json\/wp\/v2\/types\/product"}],"wp:featuredmedia":[{"embeddable":true,"href":"https:\/\/www.paul-buecher.com\/boutique\/wp-json\/wp\/v2\/media\/98"}],"wp:attachment":[{"href":"https:\/\/www.paul-buecher.com\/boutique\/wp-json\/wp\/v2\/media?parent=96"}],"wp:term":[{"taxonomy":"product_brand","embeddable":true,"href":"https:\/\/www.paul-buecher.com\/boutique\/wp-json\/wp\/v2\/product_brand?post=96"},{"taxonomy":"product_cat","embeddable":true,"href":"https:\/\/www.paul-buecher.com\/boutique\/wp-json\/wp\/v2\/product_cat?post=96"},{"taxonomy":"product_tag","embeddable":true,"href":"https:\/\/www.paul-buecher.com\/boutique\/wp-json\/wp\/v2\/product_tag?post=96"}],"curies":[{"name":"wp","href":"https:\/\/api.w.org\/{rel}","templated":true}]}}